{"id":19,"date":"2015-06-22T23:04:20","date_gmt":"2015-06-22T21:04:20","guid":{"rendered":"http:\/\/weissenburg-beta.rotaract.de\/?page_id=19"},"modified":"2015-06-22T23:07:17","modified_gmt":"2015-06-22T21:07:17","slug":"was-ist-rotaract","status":"publish","type":"page","link":"https:\/\/weissenburg-beta.rotaract.de\/?page_id=19","title":{"rendered":"Was ist Rotaract"},"content":{"rendered":"<p align=\"justify\">Der Name Rotaract setzt sich zusammen aus den Worten \u201eRotary\u201c und \u201eAction\u201c und steht f\u00fcr \u201eJugend in Aktion\u201c \u2013 Aktion im Sinne der rotarischen Idee.<\/p>\n<p align=\"justify\">Auf die Frage, was Rotaract genau ist, wird man aber mitunter \u00fcber 175.000 verschiedene Antworten erhalten &#8211; denn so viele Rotaracter gibt es in rund 7.500 Clubs weltweit. Rotaract ist vieles: ein Club, eine Idee, eine Leidenschaft. Dabei definiert sich Rotaract weder religi\u00f6s, politisch oder weltanschaulich. Dennoch hat Rotaract klare Ziele. Diese sind adaptiert von den Rotary Clubs: die drei S\u00e4ulen <a href=\"http:\/\/weissenburg-beta.rotaract.de\/lernen-helfen-feiern\/\">Lernen &#8211; Helfen &#8211; Feiern<\/a>.<\/p>\n<p align=\"justify\">Mitglied kann jede junge Frau und jeder junge Mann im Alter von 18 bis 30 Jahren werden. Einzige Bedingung ist, dass ihr engagiert seid und zu uns passt. Rotaract gibt es in fast jedem Land der Welt. In Deutschland engagieren sich mehr als 3.000 Mitglieder in \u00fcber 150 Clubs. Rotaract in wenigen Worten zu erkl\u00e4ren ist fast unm\u00f6glich \u2013 Rotaract muss man erleben! Kommt doch einfach mal vorbei.<\/p>\n","protected":false},"excerpt":{"rendered":"<p>Der Name Rotaract setzt sich zusammen aus den Worten \u201eRotary\u201c und \u201eAction\u201c und steht f\u00fcr \u201eJugend in Aktion\u201c \u2013 Aktion im Sinne der rotarischen Idee. Auf die Frage, was Rotaract genau ist, wird man aber mitunter \u00fcber 175.000 verschiedene Antworten erhalten &#8211; denn so viele Rotaracter gibt es in rund 7.500 Clubs weltweit. Rotaract ist [&hellip;]<\/p>\n","protected":false},"author":161,"featured_media":0,"parent":0,"menu_order":0,"comment_status":"closed","ping_status":"open","template":"","meta":{"footnotes":""},"class_list":["post-19","page","type-page","status-publish","hentry"],"yoast_head":"<!-- This site is optimized with the Yoast SEO plugin v27.4 - https:\/\/yoast.com\/product\/yoast-seo-wordpress\/ -->\n<title>Was ist Rotaract - Rotaract Club Wei\u00dfenburg<\/title>\n<meta name=\"robots\" content=\"index, follow, max-snippet:-1, max-image-preview:large, max-video-preview:-1\" \/>\n<link rel=\"canonical\" href=\"https:\/\/weissenburg-beta.rotaract.de\/?page_id=19\" \/>\n<meta property=\"og:locale\" content=\"de_DE\" \/>\n<meta property=\"og:type\" content=\"article\" \/>\n<meta property=\"og:title\" content=\"Was ist Rotaract - Rotaract Club Wei\u00dfenburg\" \/>\n<meta property=\"og:description\" content=\"Der Name Rotaract setzt sich zusammen aus den Worten \u201eRotary\u201c und \u201eAction\u201c und steht f\u00fcr \u201eJugend in Aktion\u201c \u2013 Aktion im Sinne der rotarischen Idee. Auf die Frage, was Rotaract genau ist, wird man aber mitunter \u00fcber 175.000 verschiedene Antworten erhalten &#8211; denn so viele Rotaracter gibt es in rund 7.500 Clubs weltweit. Rotaract ist [&hellip;]\" \/>\n<meta property=\"og:url\" content=\"https:\/\/weissenburg-beta.rotaract.de\/?page_id=19\" \/>\n<meta property=\"og:site_name\" content=\"Rotaract Club Wei\u00dfenburg\" \/>\n<meta property=\"article:modified_time\" content=\"2015-06-22T21:07:17+00:00\" \/>\n<meta name=\"twitter:card\" content=\"summary_large_image\" \/>\n<meta name=\"twitter:label1\" content=\"Gesch\u00e4tzte Lesezeit\" \/>\n\t<meta name=\"twitter:data1\" content=\"1\u00a0Minute\" \/>\n<script type=\"application\/ld+json\" class=\"yoast-schema-graph\">{\"@context\":\"https:\\\/\\\/schema.org\",\"@graph\":[{\"@type\":\"WebPage\",\"@id\":\"https:\\\/\\\/weissenburg-beta.rotaract.de\\\/?page_id=19\",\"url\":\"https:\\\/\\\/weissenburg-beta.rotaract.de\\\/?page_id=19\",\"name\":\"Was ist Rotaract - Rotaract Club Wei\u00dfenburg\",\"isPartOf\":{\"@id\":\"https:\\\/\\\/weissenburg-beta.rotaract.de\\\/#website\"},\"datePublished\":\"2015-06-22T21:04:20+00:00\",\"dateModified\":\"2015-06-22T21:07:17+00:00\",\"breadcrumb\":{\"@id\":\"https:\\\/\\\/weissenburg-beta.rotaract.de\\\/?page_id=19#breadcrumb\"},\"inLanguage\":\"de\",\"potentialAction\":[{\"@type\":\"ReadAction\",\"target\":[\"https:\\\/\\\/weissenburg-beta.rotaract.de\\\/?page_id=19\"]}]},{\"@type\":\"BreadcrumbList\",\"@id\":\"https:\\\/\\\/weissenburg-beta.rotaract.de\\\/?page_id=19#breadcrumb\",\"itemListElement\":[{\"@type\":\"ListItem\",\"position\":1,\"name\":\"Startseite\",\"item\":\"https:\\\/\\\/weissenburg-beta.rotaract.de\\\/\"},{\"@type\":\"ListItem\",\"position\":2,\"name\":\"Was ist Rotaract\"}]},{\"@type\":\"WebSite\",\"@id\":\"https:\\\/\\\/weissenburg-beta.rotaract.de\\\/#website\",\"url\":\"https:\\\/\\\/weissenburg-beta.rotaract.de\\\/\",\"name\":\"Rotaract Club Wei\u00dfenburg\",\"description\":\"Distrikt 1950\",\"potentialAction\":[{\"@type\":\"SearchAction\",\"target\":{\"@type\":\"EntryPoint\",\"urlTemplate\":\"https:\\\/\\\/weissenburg-beta.rotaract.de\\\/?s={search_term_string}\"},\"query-input\":{\"@type\":\"PropertyValueSpecification\",\"valueRequired\":true,\"valueName\":\"search_term_string\"}}],\"inLanguage\":\"de\"}]}<\/script>\n<!-- \/ Yoast SEO plugin. -->","yoast_head_json":{"title":"Was ist Rotaract - Rotaract Club Wei\u00dfenburg","robots":{"index":"index","follow":"follow","max-snippet":"max-snippet:-1","max-image-preview":"max-image-preview:large","max-video-preview":"max-video-preview:-1"},"canonical":"https:\/\/weissenburg-beta.rotaract.de\/?page_id=19","og_locale":"de_DE","og_type":"article","og_title":"Was ist Rotaract - Rotaract Club Wei\u00dfenburg","og_description":"Der Name Rotaract setzt sich zusammen aus den Worten \u201eRotary\u201c und \u201eAction\u201c und steht f\u00fcr \u201eJugend in Aktion\u201c \u2013 Aktion im Sinne der rotarischen Idee. Auf die Frage, was Rotaract genau ist, wird man aber mitunter \u00fcber 175.000 verschiedene Antworten erhalten &#8211; denn so viele Rotaracter gibt es in rund 7.500 Clubs weltweit. Rotaract ist [&hellip;]","og_url":"https:\/\/weissenburg-beta.rotaract.de\/?page_id=19","og_site_name":"Rotaract Club Wei\u00dfenburg","article_modified_time":"2015-06-22T21:07:17+00:00","twitter_card":"summary_large_image","twitter_misc":{"Gesch\u00e4tzte Lesezeit":"1\u00a0Minute"},"schema":{"@context":"https:\/\/schema.org","@graph":[{"@type":"WebPage","@id":"https:\/\/weissenburg-beta.rotaract.de\/?page_id=19","url":"https:\/\/weissenburg-beta.rotaract.de\/?page_id=19","name":"Was ist Rotaract - Rotaract Club Wei\u00dfenburg","isPartOf":{"@id":"https:\/\/weissenburg-beta.rotaract.de\/#website"},"datePublished":"2015-06-22T21:04:20+00:00","dateModified":"2015-06-22T21:07:17+00:00","breadcrumb":{"@id":"https:\/\/weissenburg-beta.rotaract.de\/?page_id=19#breadcrumb"},"inLanguage":"de","potentialAction":[{"@type":"ReadAction","target":["https:\/\/weissenburg-beta.rotaract.de\/?page_id=19"]}]},{"@type":"BreadcrumbList","@id":"https:\/\/weissenburg-beta.rotaract.de\/?page_id=19#breadcrumb","itemListElement":[{"@type":"ListItem","position":1,"name":"Startseite","item":"https:\/\/weissenburg-beta.rotaract.de\/"},{"@type":"ListItem","position":2,"name":"Was ist Rotaract"}]},{"@type":"WebSite","@id":"https:\/\/weissenburg-beta.rotaract.de\/#website","url":"https:\/\/weissenburg-beta.rotaract.de\/","name":"Rotaract Club Wei\u00dfenburg","description":"Distrikt 1950","potentialAction":[{"@type":"SearchAction","target":{"@type":"EntryPoint","urlTemplate":"https:\/\/weissenburg-beta.rotaract.de\/?s={search_term_string}"},"query-input":{"@type":"PropertyValueSpecification","valueRequired":true,"valueName":"search_term_string"}}],"inLanguage":"de"}]}},"_links":{"self":[{"href":"https:\/\/weissenburg-beta.rotaract.de\/index.php?rest_route=\/wp\/v2\/pages\/19","targetHints":{"allow":["GET"]}}],"collection":[{"href":"https:\/\/weissenburg-beta.rotaract.de\/index.php?rest_route=\/wp\/v2\/pages"}],"about":[{"href":"https:\/\/weissenburg-beta.rotaract.de\/index.php?rest_route=\/wp\/v2\/types\/page"}],"author":[{"embeddable":true,"href":"https:\/\/weissenburg-beta.rotaract.de\/index.php?rest_route=\/wp\/v2\/users\/161"}],"replies":[{"embeddable":true,"href":"https:\/\/weissenburg-beta.rotaract.de\/index.php?rest_route=%2Fwp%2Fv2%2Fcomments&post=19"}],"version-history":[{"count":0,"href":"https:\/\/weissenburg-beta.rotaract.de\/index.php?rest_route=\/wp\/v2\/pages\/19\/revisions"}],"wp:attachment":[{"href":"https:\/\/weissenburg-beta.rotaract.de\/index.php?rest_route=%2Fwp%2Fv2%2Fmedia&parent=19"}],"curies":[{"name":"wp","href":"https:\/\/api.w.org\/{rel}","templated":true}]}}