{"id":2,"date":"2015-05-03T11:01:45","date_gmt":"2015-05-03T09:01:45","guid":{"rendered":"http:\/\/weissenburg.hosting.rotaract.de\/?page_id=2"},"modified":"2015-06-22T22:53:22","modified_gmt":"2015-06-22T20:53:22","slug":"lernen-helfen-feiern","status":"publish","type":"page","link":"https:\/\/weissenburg-beta.rotaract.de\/?page_id=2","title":{"rendered":"Lernen &#8211; Helfen &#8211; Feiern"},"content":{"rendered":"<p>Die drei S\u00e4ulen eines jeden Rotaract Clubs sind <em>Lernen &#8211; Helfen &#8211; Feiern<\/em>, die im Folgenden kurz dargestellt werden.<\/p>\n<p><strong>Lernen<\/strong><\/p>\n<p>Lernen geschieht bei uns im Club durch Vortr\u00e4ge von Clubmitgliedern, Rotariern oder ausw\u00e4rtige Referenten, welche von ihrem Beruf, interessanten Hobbys oder Reisen berichten. Interessante Themen wie &#8222;Kopfschmerzen &#8211; eine Volkskrankheit?&#8220;, &#8222;Impressionen einer China Reise&#8220;, &#8222;Was die Welt im Innersten zusammenh\u00e4lt&#8220;, &#8222;Logistik &#8211; ein Blick hinter die Kulissen&#8220; sowie &#8222;Rhetorik und Kommunikation&#8220; erweitern den Wissensbereich eines jeden Mitglieds.<\/p>\n<p>Zum Punkt Lernen geh\u00f6ren aber auch Betriebsbesichtigungen, wie beispielsweise bei den N\u00fcrnberger Nachrichten, und kulturelle Aktivit\u00e4ten wie Ausstellungen, Opern- und Konzertbesuche.<\/p>\n<p>Ganz besonders wichtig ist uns der Bereich \u201eaktives Lernen\u201c, da man durch die Sozialaktionen des Punktes \u201eHelfen\u201c ganz neue pers\u00f6nliche Erfahrungen macht und sich in den rotarischen \u00c4mtern F\u00fchrungskompetenzen aneignen kann.<\/p>\n<p><strong>Helfen<\/strong><\/p>\n<p>Unter Helfen verstehen wir unser soziales Engagement. Durch unsere Sozialaktionen helfen wir Menschen in unserer Umgebung, in unserer Stadt, in Deutschland, Europa und in der Welt. Zudem f\u00fchren jedes Jahr alle Rotaract Clubs in Deutschland eine gemeinsame Aktion durch, die Bundessozialaktion. In den letzten Jahren hat der Rotaract Club Wei\u00dfenburg unter anderem Kinderg\u00e4rten in der Ukraine unterst\u00fctzt.<\/p>\n<p><strong>Feiern<\/strong><\/p>\n<p>Die dritte S\u00e4ule ist das <em>Feiern,<\/em>\u00a0denn schlie\u00dflich soll der Spass am gemeinsamen Tun nicht zu kurz kommen. Durch gemeinsame Aktivit\u00e4ten wie Brunchen, Kino, Sport oder Clunfahrten lernt man sich untereinander besser kennen und es entstehen enge Freundschaften, die oft ein Leben lang halten.<\/p>\n<p>Auch \u00fcber die einzelnen Clubs hinaus wird gefeiert und Freundschaft gelebt, beispielsweise durch Clubbesuche, Gr\u00fcndungs- und Charterfeiern und nicht zuletzt durch die allj\u00e4hrlichen Distrikt-, Deutschland-, und Weltkonferenzen. So entstehen sogar Freundschaften \u00fcber Grenzen und Kontinente hinweg. Wer aus beruflichen Gr\u00fcnden oder zum Studieren ins Ausland geht, findet in mehr als 150 L\u00e4ndern weltweit Clubs und Gleichgesinnte.<\/p>\n<p><em>Interessiert?<\/em><\/p>\n<p>Dann kontaktiere uns doch oder komm einfach vorbei, denn Rotaract muss man erleben!<\/p>\n<p>Wir freuen uns auf Dich!<\/p>\n<p>&nbsp;<\/p>\n","protected":false},"excerpt":{"rendered":"<p>Die drei S\u00e4ulen eines jeden Rotaract Clubs sind Lernen &#8211; Helfen &#8211; Feiern, die im Folgenden kurz dargestellt werden. Lernen Lernen geschieht bei uns im Club durch Vortr\u00e4ge von Clubmitgliedern, Rotariern oder ausw\u00e4rtige Referenten, welche von ihrem Beruf, interessanten Hobbys oder Reisen berichten. Interessante Themen wie &#8222;Kopfschmerzen &#8211; eine Volkskrankheit?&#8220;, &#8222;Impressionen einer China Reise&#8220;, &#8222;Was [&hellip;]<\/p>\n","protected":false},"author":161,"featured_media":0,"parent":0,"menu_order":0,"comment_status":"closed","ping_status":"open","template":"","meta":{"footnotes":""},"class_list":["post-2","page","type-page","status-publish","hentry"],"yoast_head":"<!-- This site is optimized with the Yoast SEO plugin v27.4 - https:\/\/yoast.com\/product\/yoast-seo-wordpress\/ -->\n<title>Lernen - Helfen - Feiern - Rotaract Club Wei\u00dfenburg<\/title>\n<meta name=\"robots\" content=\"index, follow, max-snippet:-1, max-image-preview:large, max-video-preview:-1\" \/>\n<link rel=\"canonical\" href=\"https:\/\/weissenburg-beta.rotaract.de\/?page_id=2\" \/>\n<meta property=\"og:locale\" content=\"de_DE\" \/>\n<meta property=\"og:type\" content=\"article\" \/>\n<meta property=\"og:title\" content=\"Lernen - Helfen - Feiern - Rotaract Club Wei\u00dfenburg\" \/>\n<meta property=\"og:description\" content=\"Die drei S\u00e4ulen eines jeden Rotaract Clubs sind Lernen &#8211; Helfen &#8211; Feiern, die im Folgenden kurz dargestellt werden. Lernen Lernen geschieht bei uns im Club durch Vortr\u00e4ge von Clubmitgliedern, Rotariern oder ausw\u00e4rtige Referenten, welche von ihrem Beruf, interessanten Hobbys oder Reisen berichten. Interessante Themen wie &#8222;Kopfschmerzen &#8211; eine Volkskrankheit?&#8220;, &#8222;Impressionen einer China Reise&#8220;, &#8222;Was [&hellip;]\" \/>\n<meta property=\"og:url\" content=\"https:\/\/weissenburg-beta.rotaract.de\/?page_id=2\" \/>\n<meta property=\"og:site_name\" content=\"Rotaract Club Wei\u00dfenburg\" \/>\n<meta property=\"article:modified_time\" content=\"2015-06-22T20:53:22+00:00\" \/>\n<meta name=\"twitter:card\" content=\"summary_large_image\" \/>\n<meta name=\"twitter:label1\" content=\"Gesch\u00e4tzte Lesezeit\" \/>\n\t<meta name=\"twitter:data1\" content=\"2\u00a0Minuten\" \/>\n<script type=\"application\/ld+json\" class=\"yoast-schema-graph\">{\"@context\":\"https:\\\/\\\/schema.org\",\"@graph\":[{\"@type\":\"WebPage\",\"@id\":\"https:\\\/\\\/weissenburg-beta.rotaract.de\\\/?page_id=2\",\"url\":\"https:\\\/\\\/weissenburg-beta.rotaract.de\\\/?page_id=2\",\"name\":\"Lernen - Helfen - Feiern - Rotaract Club Wei\u00dfenburg\",\"isPartOf\":{\"@id\":\"https:\\\/\\\/weissenburg-beta.rotaract.de\\\/#website\"},\"datePublished\":\"2015-05-03T09:01:45+00:00\",\"dateModified\":\"2015-06-22T20:53:22+00:00\",\"breadcrumb\":{\"@id\":\"https:\\\/\\\/weissenburg-beta.rotaract.de\\\/?page_id=2#breadcrumb\"},\"inLanguage\":\"de\",\"potentialAction\":[{\"@type\":\"ReadAction\",\"target\":[\"https:\\\/\\\/weissenburg-beta.rotaract.de\\\/?page_id=2\"]}]},{\"@type\":\"BreadcrumbList\",\"@id\":\"https:\\\/\\\/weissenburg-beta.rotaract.de\\\/?page_id=2#breadcrumb\",\"itemListElement\":[{\"@type\":\"ListItem\",\"position\":1,\"name\":\"Startseite\",\"item\":\"https:\\\/\\\/weissenburg-beta.rotaract.de\\\/\"},{\"@type\":\"ListItem\",\"position\":2,\"name\":\"Lernen &#8211; Helfen &#8211; Feiern\"}]},{\"@type\":\"WebSite\",\"@id\":\"https:\\\/\\\/weissenburg-beta.rotaract.de\\\/#website\",\"url\":\"https:\\\/\\\/weissenburg-beta.rotaract.de\\\/\",\"name\":\"Rotaract Club Wei\u00dfenburg\",\"description\":\"Distrikt 1950\",\"potentialAction\":[{\"@type\":\"SearchAction\",\"target\":{\"@type\":\"EntryPoint\",\"urlTemplate\":\"https:\\\/\\\/weissenburg-beta.rotaract.de\\\/?s={search_term_string}\"},\"query-input\":{\"@type\":\"PropertyValueSpecification\",\"valueRequired\":true,\"valueName\":\"search_term_string\"}}],\"inLanguage\":\"de\"}]}<\/script>\n<!-- \/ Yoast SEO plugin. -->","yoast_head_json":{"title":"Lernen - Helfen - Feiern - Rotaract Club Wei\u00dfenburg","robots":{"index":"index","follow":"follow","max-snippet":"max-snippet:-1","max-image-preview":"max-image-preview:large","max-video-preview":"max-video-preview:-1"},"canonical":"https:\/\/weissenburg-beta.rotaract.de\/?page_id=2","og_locale":"de_DE","og_type":"article","og_title":"Lernen - Helfen - Feiern - Rotaract Club Wei\u00dfenburg","og_description":"Die drei S\u00e4ulen eines jeden Rotaract Clubs sind Lernen &#8211; Helfen &#8211; Feiern, die im Folgenden kurz dargestellt werden. Lernen Lernen geschieht bei uns im Club durch Vortr\u00e4ge von Clubmitgliedern, Rotariern oder ausw\u00e4rtige Referenten, welche von ihrem Beruf, interessanten Hobbys oder Reisen berichten. Interessante Themen wie &#8222;Kopfschmerzen &#8211; eine Volkskrankheit?&#8220;, &#8222;Impressionen einer China Reise&#8220;, &#8222;Was [&hellip;]","og_url":"https:\/\/weissenburg-beta.rotaract.de\/?page_id=2","og_site_name":"Rotaract Club Wei\u00dfenburg","article_modified_time":"2015-06-22T20:53:22+00:00","twitter_card":"summary_large_image","twitter_misc":{"Gesch\u00e4tzte Lesezeit":"2\u00a0Minuten"},"schema":{"@context":"https:\/\/schema.org","@graph":[{"@type":"WebPage","@id":"https:\/\/weissenburg-beta.rotaract.de\/?page_id=2","url":"https:\/\/weissenburg-beta.rotaract.de\/?page_id=2","name":"Lernen - Helfen - Feiern - Rotaract Club Wei\u00dfenburg","isPartOf":{"@id":"https:\/\/weissenburg-beta.rotaract.de\/#website"},"datePublished":"2015-05-03T09:01:45+00:00","dateModified":"2015-06-22T20:53:22+00:00","breadcrumb":{"@id":"https:\/\/weissenburg-beta.rotaract.de\/?page_id=2#breadcrumb"},"inLanguage":"de","potentialAction":[{"@type":"ReadAction","target":["https:\/\/weissenburg-beta.rotaract.de\/?page_id=2"]}]},{"@type":"BreadcrumbList","@id":"https:\/\/weissenburg-beta.rotaract.de\/?page_id=2#breadcrumb","itemListElement":[{"@type":"ListItem","position":1,"name":"Startseite","item":"https:\/\/weissenburg-beta.rotaract.de\/"},{"@type":"ListItem","position":2,"name":"Lernen &#8211; Helfen &#8211; Feiern"}]},{"@type":"WebSite","@id":"https:\/\/weissenburg-beta.rotaract.de\/#website","url":"https:\/\/weissenburg-beta.rotaract.de\/","name":"Rotaract Club Wei\u00dfenburg","description":"Distrikt 1950","potentialAction":[{"@type":"SearchAction","target":{"@type":"EntryPoint","urlTemplate":"https:\/\/weissenburg-beta.rotaract.de\/?s={search_term_string}"},"query-input":{"@type":"PropertyValueSpecification","valueRequired":true,"valueName":"search_term_string"}}],"inLanguage":"de"}]}},"_links":{"self":[{"href":"https:\/\/weissenburg-beta.rotaract.de\/index.php?rest_route=\/wp\/v2\/pages\/2","targetHints":{"allow":["GET"]}}],"collection":[{"href":"https:\/\/weissenburg-beta.rotaract.de\/index.php?rest_route=\/wp\/v2\/pages"}],"about":[{"href":"https:\/\/weissenburg-beta.rotaract.de\/index.php?rest_route=\/wp\/v2\/types\/page"}],"author":[{"embeddable":true,"href":"https:\/\/weissenburg-beta.rotaract.de\/index.php?rest_route=\/wp\/v2\/users\/161"}],"replies":[{"embeddable":true,"href":"https:\/\/weissenburg-beta.rotaract.de\/index.php?rest_route=%2Fwp%2Fv2%2Fcomments&post=2"}],"version-history":[{"count":0,"href":"https:\/\/weissenburg-beta.rotaract.de\/index.php?rest_route=\/wp\/v2\/pages\/2\/revisions"}],"wp:attachment":[{"href":"https:\/\/weissenburg-beta.rotaract.de\/index.php?rest_route=%2Fwp%2Fv2%2Fmedia&parent=2"}],"curies":[{"name":"wp","href":"https:\/\/api.w.org\/{rel}","templated":true}]}}